{"id":2288,"date":"2017-12-07T02:25:11","date_gmt":"2017-12-07T02:25:11","guid":{"rendered":"http:\/\/ninzio.com\/agrikole\/?page_id=2288"},"modified":"2023-02-25T03:25:46","modified_gmt":"2023-02-25T06:25:46","slug":"peppers","status":"publish","type":"page","link":"https:\/\/tropoc.com.br\/en\/peppers\/","title":{"rendered":"Our Peppers"},"content":{"rendered":"<div class=\"wpb-content-wrapper\"><div class=\"vc-custom-col-spacing clearfix vc-col-spacing-30\"><section class=\"wpb_row vc_row-fluid row-content-position-Default\"><div class=\"agrikole-container\"><div class=\"row-inner clearfix\"><div class=\"wpb_column vc_column_container vc_col-sm-12\"><div class=\"vc_column-inner\"><div class=\"wpb_wrapper\">\n\t<div class=\"agrikole-spacer clearfix\" data-desktop=\"120\" data-mobi=\"60\" data-smobi=\"60\"><\/div>\n<div class=\"agrikole-project-grid  image-rounded\" data-layout=\"masonry\" data-column=\"3\" data-column2=\"3\" data-column3=\"2\" data-column4=\"1\" data-gaph=\"30\" data-gapv=\"30\" data-filter=\"\">\n<div style=\"\">\n\n\t\n\t\t<div id=\"portfolio\" class=\"cbp\">\n\t\t    \n\t            <div class=\"cbp-item farm healthy organic\">\n\t\t\t\t\t<div class=\"project-box\">\n\t\t\t\t\t\t<div class=\"inner\">\n\t\t\t\t\t\t\t<div class=\"project-image\"><img fetchpriority=\"high\" decoding=\"async\" width=\"472\" height=\"603\" src=\"https:\/\/tropoc.com.br\/wp-content\/uploads\/2020\/02\/destacada.jpg\" class=\"attachment-agrikole- size-agrikole- wp-post-image\" alt=\"\" srcset=\"https:\/\/tropoc.com.br\/wp-content\/uploads\/2020\/02\/destacada.jpg 472w, https:\/\/tropoc.com.br\/wp-content\/uploads\/2020\/02\/destacada-235x300.jpg 235w, https:\/\/tropoc.com.br\/wp-content\/uploads\/2020\/02\/destacada-9x12.jpg 9w\" sizes=\"(max-width: 472px) 100vw, 472px\" \/><div class=\"title-wrap\" style=\"\"><h4 class=\"title\"><a href=\"https:\/\/tropoc.com.br\/en\/project\/project-6\/\" title=\"DRIED RED PEPPER\">DRIED RED PEPPER<\/a><\/h4><\/div><div class=\"project-text\" style=\"\"><h4 class=\"title\"><a href=\"https:\/\/tropoc.com.br\/en\/project\/project-6\/\" title=\"DRIED RED PEPPER\">DRIED RED PEPPER<\/a><\/h4><div class=\"button\"><a href=\"https:\/\/tropoc.com.br\/en\/project\/project-6\/\">Read More<\/a><\/div><div class=\"arrow\"><a href=\"https:\/\/tropoc.com.br\/en\/project\/project-6\/\"><span class=\"core-icon-next\"><\/span><\/a><\/div><\/div><\/div>\t\t                <\/div>\n\t\t\t\t\t<\/div><!-- \/.project-box -->\n\t            <\/div><!-- \/.cbp-item -->\n\t\t\t\n\t            <div class=\"cbp-item farm healthy organic\">\n\t\t\t\t\t<div class=\"project-box\">\n\t\t\t\t\t\t<div class=\"inner\">\n\t\t\t\t\t\t\t<div class=\"project-image\"><img decoding=\"async\" width=\"472\" height=\"603\" src=\"https:\/\/tropoc.com.br\/wp-content\/uploads\/2020\/02\/destaque.jpg\" class=\"attachment-agrikole- size-agrikole- wp-post-image\" alt=\"\" srcset=\"https:\/\/tropoc.com.br\/wp-content\/uploads\/2020\/02\/destaque.jpg 472w, https:\/\/tropoc.com.br\/wp-content\/uploads\/2020\/02\/destaque-235x300.jpg 235w, https:\/\/tropoc.com.br\/wp-content\/uploads\/2020\/02\/destaque-9x12.jpg 9w\" sizes=\"(max-width: 472px) 100vw, 472px\" \/><div class=\"title-wrap\" style=\"\"><h4 class=\"title\"><a href=\"https:\/\/tropoc.com.br\/en\/project\/project-5\/\" title=\"Green pepper in brine\">Green pepper in brine<\/a><\/h4><\/div><div class=\"project-text\" style=\"\"><h4 class=\"title\"><a href=\"https:\/\/tropoc.com.br\/en\/project\/project-5\/\" title=\"Green pepper in brine\">Green pepper in brine<\/a><\/h4><div class=\"button\"><a href=\"https:\/\/tropoc.com.br\/en\/project\/project-5\/\">Read More<\/a><\/div><div class=\"arrow\"><a href=\"https:\/\/tropoc.com.br\/en\/project\/project-5\/\"><span class=\"core-icon-next\"><\/span><\/a><\/div><\/div><\/div>\t\t                <\/div>\n\t\t\t\t\t<\/div><!-- \/.project-box -->\n\t            <\/div><!-- \/.cbp-item -->\n\t\t\t\n\t            <div class=\"cbp-item farm healthy organic\">\n\t\t\t\t\t<div class=\"project-box\">\n\t\t\t\t\t\t<div class=\"inner\">\n\t\t\t\t\t\t\t<div class=\"project-image\"><img decoding=\"async\" width=\"472\" height=\"603\" src=\"https:\/\/tropoc.com.br\/wp-content\/uploads\/2023\/02\/destaq.jpg\" class=\"attachment-agrikole- size-agrikole- wp-post-image\" alt=\"\" srcset=\"https:\/\/tropoc.com.br\/wp-content\/uploads\/2023\/02\/destaq.jpg 472w, https:\/\/tropoc.com.br\/wp-content\/uploads\/2023\/02\/destaq-235x300.jpg 235w, https:\/\/tropoc.com.br\/wp-content\/uploads\/2023\/02\/destaq-9x12.jpg 9w\" sizes=\"(max-width: 472px) 100vw, 472px\" \/><div class=\"title-wrap\" style=\"\"><h4 class=\"title\"><a href=\"https:\/\/tropoc.com.br\/en\/project\/project-4\/\" title=\"Original Bel\u00e9m Pepper\">Original Bel\u00e9m Pepper<\/a><\/h4><\/div><div class=\"project-text\" style=\"\"><h4 class=\"title\"><a href=\"https:\/\/tropoc.com.br\/en\/project\/project-4\/\" title=\"Original Bel\u00e9m Pepper\">Original Bel\u00e9m Pepper<\/a><\/h4><div class=\"button\"><a href=\"https:\/\/tropoc.com.br\/en\/project\/project-4\/\">Read More<\/a><\/div><div class=\"arrow\"><a href=\"https:\/\/tropoc.com.br\/en\/project\/project-4\/\"><span class=\"core-icon-next\"><\/span><\/a><\/div><\/div><\/div>\t\t                <\/div>\n\t\t\t\t\t<\/div><!-- \/.project-box -->\n\t            <\/div><!-- \/.cbp-item -->\n\t\t\t\n\t            <div class=\"cbp-item farm healthy organic\">\n\t\t\t\t\t<div class=\"project-box\">\n\t\t\t\t\t\t<div class=\"inner\">\n\t\t\t\t\t\t\t<div class=\"project-image\"><img loading=\"lazy\" decoding=\"async\" width=\"472\" height=\"603\" src=\"https:\/\/tropoc.com.br\/wp-content\/uploads\/2020\/02\/destaque-1.jpg\" class=\"attachment-agrikole- size-agrikole- wp-post-image\" alt=\"\" srcset=\"https:\/\/tropoc.com.br\/wp-content\/uploads\/2020\/02\/destaque-1.jpg 472w, https:\/\/tropoc.com.br\/wp-content\/uploads\/2020\/02\/destaque-1-235x300.jpg 235w, https:\/\/tropoc.com.br\/wp-content\/uploads\/2020\/02\/destaque-1-9x12.jpg 9w\" sizes=\"(max-width: 472px) 100vw, 472px\" \/><div class=\"title-wrap\" style=\"\"><h4 class=\"title\"><a href=\"https:\/\/tropoc.com.br\/en\/project\/project-3\/\" title=\"WHITE PEPPER DIAMOND\">WHITE PEPPER DIAMOND<\/a><\/h4><\/div><div class=\"project-text\" style=\"\"><h4 class=\"title\"><a href=\"https:\/\/tropoc.com.br\/en\/project\/project-3\/\" title=\"WHITE PEPPER DIAMOND\">WHITE PEPPER DIAMOND<\/a><\/h4><div class=\"button\"><a href=\"https:\/\/tropoc.com.br\/en\/project\/project-3\/\">Read More<\/a><\/div><div class=\"arrow\"><a href=\"https:\/\/tropoc.com.br\/en\/project\/project-3\/\"><span class=\"core-icon-next\"><\/span><\/a><\/div><\/div><\/div>\t\t                <\/div>\n\t\t\t\t\t<\/div><!-- \/.project-box -->\n\t            <\/div><!-- \/.cbp-item -->\n\t\t\t\n\t            <div class=\"cbp-item farm healthy organic\">\n\t\t\t\t\t<div class=\"project-box\">\n\t\t\t\t\t\t<div class=\"inner\">\n\t\t\t\t\t\t\t<div class=\"project-image\"><img loading=\"lazy\" decoding=\"async\" width=\"472\" height=\"603\" src=\"https:\/\/tropoc.com.br\/wp-content\/uploads\/2023\/02\/destaq-1.jpg\" class=\"attachment-agrikole- size-agrikole- wp-post-image\" alt=\"\" srcset=\"https:\/\/tropoc.com.br\/wp-content\/uploads\/2023\/02\/destaq-1.jpg 472w, https:\/\/tropoc.com.br\/wp-content\/uploads\/2023\/02\/destaq-1-235x300.jpg 235w, https:\/\/tropoc.com.br\/wp-content\/uploads\/2023\/02\/destaq-1-9x12.jpg 9w\" sizes=\"(max-width: 472px) 100vw, 472px\" \/><div class=\"title-wrap\" style=\"\"><h4 class=\"title\"><a href=\"https:\/\/tropoc.com.br\/en\/project\/project-2\/\" title=\"NEW PLATINUM PEPPER\">NEW PLATINUM PEPPER<\/a><\/h4><\/div><div class=\"project-text\" style=\"\"><h4 class=\"title\"><a href=\"https:\/\/tropoc.com.br\/en\/project\/project-2\/\" title=\"NEW PLATINUM PEPPER\">NEW PLATINUM PEPPER<\/a><\/h4><div class=\"button\"><a href=\"https:\/\/tropoc.com.br\/en\/project\/project-2\/\">Read More<\/a><\/div><div class=\"arrow\"><a href=\"https:\/\/tropoc.com.br\/en\/project\/project-2\/\"><span class=\"core-icon-next\"><\/span><\/a><\/div><\/div><\/div>\t\t                <\/div>\n\t\t\t\t\t<\/div><!-- \/.project-box -->\n\t            <\/div><!-- \/.cbp-item -->\n\t\t\t\n\t            <div class=\"cbp-item farm healthy organic\">\n\t\t\t\t\t<div class=\"project-box\">\n\t\t\t\t\t\t<div class=\"inner\">\n\t\t\t\t\t\t\t<div class=\"project-image\"><img loading=\"lazy\" decoding=\"async\" width=\"472\" height=\"603\" src=\"https:\/\/tropoc.com.br\/wp-content\/uploads\/2020\/02\/destaq.jpg\" class=\"attachment-agrikole- size-agrikole- wp-post-image\" alt=\"\" srcset=\"https:\/\/tropoc.com.br\/wp-content\/uploads\/2020\/02\/destaq.jpg 472w, https:\/\/tropoc.com.br\/wp-content\/uploads\/2020\/02\/destaq-235x300.jpg 235w, https:\/\/tropoc.com.br\/wp-content\/uploads\/2020\/02\/destaq-9x12.jpg 9w\" sizes=\"(max-width: 472px) 100vw, 472px\" \/><div class=\"title-wrap\" style=\"\"><h4 class=\"title\"><a href=\"https:\/\/tropoc.com.br\/en\/project\/project-1\/\" title=\"GROUNDED\/GRANULATED BLACK PEPPER\">GROUNDED\/GRANULATED BLACK PEPPER<\/a><\/h4><\/div><div class=\"project-text\" style=\"\"><h4 class=\"title\"><a href=\"https:\/\/tropoc.com.br\/en\/project\/project-1\/\" title=\"GROUNDED\/GRANULATED BLACK PEPPER\">GROUNDED\/GRANULATED BLACK PEPPER<\/a><\/h4><div class=\"button\"><a href=\"https:\/\/tropoc.com.br\/en\/project\/project-1\/\">Read More<\/a><\/div><div class=\"arrow\"><a href=\"https:\/\/tropoc.com.br\/en\/project\/project-1\/\"><span class=\"core-icon-next\"><\/span><\/a><\/div><\/div><\/div>\t\t                <\/div>\n\t\t\t\t\t<\/div><!-- \/.project-box -->\n\t            <\/div><!-- \/.cbp-item -->\n\t\t\t\t\t<\/div><!-- \/#portfolio -->\n\n\t\t\t\n\t\n<\/div>\n<\/div><!-- \/.agrikole-project -->\n\n\n\t<div class=\"agrikole-spacer clearfix\" data-desktop=\"120\" data-mobi=\"60\" data-smobi=\"60\"><\/div><\/div><\/div><\/div><\/div><\/div><\/section><\/div>\n<\/div>","protected":false},"excerpt":{"rendered":"PIMENTA PRETA MO\u00cdDA\/GRANULADA Frutos de Piper nigrum L, secos, selecionados, tratados com vapor e mo\u00eddos em conformidade com os requisitos da ind\u00fastria aliment\u00edcia. INFORMA\u00c7\u00d5ES Sabor:\u00a0Caracter\u00edstico, Picante Cor: Preta","protected":false},"author":2,"featured_media":0,"parent":0,"menu_order":0,"comment_status":"closed","ping_status":"closed","template":"","meta":{"_monsterinsights_skip_tracking":false,"_monsterinsights_sitenote_active":false,"_monsterinsights_sitenote_note":"","_monsterinsights_sitenote_category":0,"footnotes":""},"class_list":["post-2288","page","type-page","status-publish","hentry"],"aioseo_notices":[],"_links":{"self":[{"href":"https:\/\/tropoc.com.br\/en\/wp-json\/wp\/v2\/pages\/2288","targetHints":{"allow":["GET"]}}],"collection":[{"href":"https:\/\/tropoc.com.br\/en\/wp-json\/wp\/v2\/pages"}],"about":[{"href":"https:\/\/tropoc.com.br\/en\/wp-json\/wp\/v2\/types\/page"}],"author":[{"embeddable":true,"href":"https:\/\/tropoc.com.br\/en\/wp-json\/wp\/v2\/users\/2"}],"replies":[{"embeddable":true,"href":"https:\/\/tropoc.com.br\/en\/wp-json\/wp\/v2\/comments?post=2288"}],"version-history":[{"count":1,"href":"https:\/\/tropoc.com.br\/en\/wp-json\/wp\/v2\/pages\/2288\/revisions"}],"predecessor-version":[{"id":14612,"href":"https:\/\/tropoc.com.br\/en\/wp-json\/wp\/v2\/pages\/2288\/revisions\/14612"}],"wp:attachment":[{"href":"https:\/\/tropoc.com.br\/en\/wp-json\/wp\/v2\/media?parent=2288"}],"curies":[{"name":"wp","href":"https:\/\/api.w.org\/{rel}","templated":true}]}}