{"id":15053,"date":"2024-04-25T15:40:13","date_gmt":"2024-04-25T18:40:13","guid":{"rendered":"https:\/\/tropoc.com.br\/?page_id=15053"},"modified":"2024-07-15T14:30:25","modified_gmt":"2024-07-15T17:30:25","slug":"canal-de-denuncias","status":"publish","type":"page","link":"https:\/\/tropoc.com.br\/en\/canal-de-denuncias\/","title":{"rendered":"Canal de denuncias do Fuchs Gruppe"},"content":{"rendered":"<div class=\"wpb-content-wrapper\"><div class=\"vc-custom-col-spacing clearfix vc-col-spacing-30\"><section class=\"wpb_row vc_row-fluid overflow-visible row-content-position-Default\"><div class=\"agrikole-container\"><div class=\"row-inner clearfix\"><div class=\"wpb_column vc_column_container vc_col-sm-12\"><div class=\"vc_column-inner\"><div class=\"wpb_wrapper\">\n\t<div class=\"agrikole-spacer clearfix\" data-desktop=\"110\" data-mobi=\"60\" data-smobi=\"60\"><\/div><div class=\"agrikole-content-box clearfix\" ><div class=\"vc-custom-col-inner-spacing clearfix vc-col-inner-spacing-30\"><div class=\"wpb_row vc_inner vc_row-fluid\"><div class=\"wpb_column vc_column_container vc_col-sm-12\"><div class=\"vc_column-inner\"><div class=\"wpb_wrapper\"><div class=\"agrikole-headings clearfix\" data-font=\"70\" data-mfont=\"60\" style=\"\"><h2 class=\"heading clearfix\" style=\"line-height:70px;font-size:70px;\">\n\t\tSistema de compliance e canal den\u00fancia da TROPOC\n\t<\/h2><div class=\"sep clearfix\" style=\"margin:5px 0 0;\">\n\t\t\t\t<img decoding=\"async\" alt=\"image\" src=\"https:\/\/tropoc.com.br\/wp-content\/uploads\/2020\/01\/separator-1.png\">\n\t\t\t<\/div><\/div>\n\t<div class=\"agrikole-spacer clearfix\" data-desktop=\"37\" data-mobi=\"37\" data-smobi=\"37\"><\/div>\n\t<div class=\"wpb_text_column wpb_content_element\" >\n\t\t<div class=\"wpb_wrapper\">\n\t\t\t<p>Bem-vindo ao Canal de Den\u00fancias da <b><u>TROPOC<\/u><\/b>. Este \u00e9 um espa\u00e7o seguro e confidencial em que colaboradores, terceiros e demais interessados podem reportar irregularidades e viola\u00e7\u00f5es de normas e condutas \u00e9ticas. Para garantir que suas preocupa\u00e7\u00f5es sejam tratadas de maneira adequada, por favor, siga as orienta\u00e7\u00f5es abaixo:<\/p>\n<ol>\n<li><strong>O que posso denunciar?<\/strong><br \/>\nUtilize este canal para relatar situa\u00e7\u00f5es como:<\/li>\n<\/ol>\n<ul>\n<li>Corrup\u00e7\u00e3o e suborno<\/li>\n<li>Fraudes em geral (ex: boleto falso, fornecedor irregular, desvio de bens, etc)<\/li>\n<li>Conflitos de interesse<\/li>\n<li>Ass\u00e9dio moral ou sexual<\/li>\n<li>Discrimina\u00e7\u00e3o e preconceito<\/li>\n<li>Viola\u00e7\u00e3o de normas de seguran\u00e7a<\/li>\n<li>Uso indevido de recursos da empresa<\/li>\n<li>Outras irregularidades que violem as leis ou a \u00e9tica e integridade da organiza\u00e7\u00e3o<\/li>\n<\/ul>\n<p><strong>2. O que n\u00e3o denunciar?<\/strong><br \/>\nEvite utilizar este canal para:<\/p>\n<ul>\n<li>Discuss\u00f5es triviais ou desentendimentos pessoais<\/li>\n<li>Reclama\u00e7\u00f5es sobre prefer\u00eancias pessoais ou estilo de gest\u00e3o<\/li>\n<li>Quest\u00f5es que podem ser resolvidas diretamente com o seu supervisor ou atrav\u00e9s dos canais internos de comunica\u00e7\u00e3o e recursos humanos<\/li>\n<\/ul>\n<p><strong>3. Como denunciar?<\/strong><br \/>\nVoc\u00ea pode fazer sua den\u00fancia de forma an\u00f4nima ou identificada, utilizando os seguintes meios:<\/p>\n<ul>\n<li><b>E-mail: <\/b>envie sua den\u00fancia para <a href=\"mailto:Tropoc.Hotline@roedl.com\">tropoc.hotline@roedl.com<\/a><\/li>\n<li><b>Formul\u00e1rio on-line: <\/b>preencha o formul\u00e1rio dispon\u00edvel abaixo com os detalhes da sua den\u00fancia<\/li>\n<li><b>Correio<\/b>: endere\u00e7o de envio: R\u00f6dl &amp; Partner Consultores Ltda., Rua Verbo Divino 1488, 3\u00b0 andar, sala 3A, CEP 04719-904, S\u00e3o Paulo \u2013 SP<\/li>\n<\/ul>\n<p><strong>Confidencialidade das Den\u00fancias<\/strong><br \/>\nPara garantir a imparcialidade e a seguran\u00e7a dos denunciantes, contratamos um provedor de compliance independente, a R\u00f6dl &amp; Partner, uma empresa totalmente separada e n\u00e3o subordinada \u00e0 nossa organiza\u00e7\u00e3o. Todas as informa\u00e7\u00f5es fornecidas ser\u00e3o tratadas com o mais alto n\u00edvel de sigilo, e somente pessoas autorizadas desse provedor ter\u00e3o acesso a elas. A prote\u00e7\u00e3o do denunciante \u00e9 nossa prioridade, e tomaremos todas as medidas necess\u00e1rias para assegurar que n\u00e3o haja retalia\u00e7\u00e3o contra quem relatar qualquer irregularidade.<\/p>\n<p><b>Documenta\u00e7\u00e3o do Sistema de Den\u00fancias Fuchs <\/b><b>Gruppe<\/b><\/p>\n<p>Para mais detalhes sobre o funcionamento do nosso sistema de den\u00fancias, disponibilizamos um arquivo com todas as informa\u00e7\u00f5es relevantes. Voc\u00ea pode acessar esse documento no final da p\u00e1gina.<\/p>\n<p>Agradecemos a sua colabora\u00e7\u00e3o em manter um ambiente \u00e9tico e seguro para todos.<\/p>\n\n\t\t<\/div>\n\t<\/div>\n<\/div><\/div><\/div><\/div><\/div><\/div>\n\t<div class=\"agrikole-spacer clearfix\" data-desktop=\"80\" data-mobi=\"60\" data-smobi=\"60\"><\/div><div class=\"agrikole-headings clearfix text-center\"  style=\"\"><h2 class=\"heading clearfix\" style=\"\">\n\t\tDocuments\n\t<\/h2><\/div>\n\t<div class=\"agrikole-spacer clearfix\" data-desktop=\"10\" data-mobi=\"10\" data-smobi=\"10\"><\/div><div class=\"button-wrap icon-right\" style=\"\" ><a href=\"https:\/\/tropoc.com.br\/wp-content\/uploads\/2024\/06\/Information-Whistleblowing-ENG.pdf\" target=\"_blank\" class=\"agrikole-button btn-1632505060 small no_icon custom custom outline solid custom\" style=\"border-width:1px;\"  data-background=\"\" data-text=\"#339966\" data-border=\"\">\n\t\t<span style=\"\">Information Whistleblowing-ENG.pdf <\/span>\n\t<\/a><\/div>\n\t<div class=\"agrikole-spacer clearfix\" data-desktop=\"120\" data-mobi=\"60\" data-smobi=\"60\"><\/div><\/div><\/div><\/div><\/div><\/div><\/section><\/div><div class=\"vc-custom-col-spacing clearfix vc-col-spacing-30\"><section class=\"wpb_row vc_row-fluid row-content-position-Default\"><div class=\"agrikole-container\"><div class=\"row-inner clearfix\"><div class=\"wpb_column vc_column_container vc_col-sm-12\"><div class=\"vc_column-inner\"><div class=\"wpb_wrapper\">\n\t<div class=\"wpb_text_column wpb_content_element\" >\n\t\t<div class=\"wpb_wrapper\">\n\t\t\t<p>&#8220;Voc\u00ea poder\u00e1 utilizar o formul\u00e1rio abaixo para enviar uma mensagem para o <b>Provedor de Compliance<\/b>, a empresa <b>R\u00f6dl<\/b><b> &amp; Partner<\/b>. O formul\u00e1rio abaixo ser\u00e1 enviado ao e-mail <a href=\"mailto:Tropoc.Hotline@roedl.com\">tropoc.hotline@roedl.com<\/a><\/p>\n<p>Caso queira receber um retorno sobre o tratamento da den\u00fancia, por favor, inclua seu e-mail e\/ou celular no momento do preenchimento do formul\u00e1rio.\u201d<\/p>\n<p><strong><\/strong><\/p>\n\n\t\t<\/div>\n\t<\/div>\n\n\t<div class=\"agrikole-spacer clearfix\" data-desktop=\"60\" data-mobi=\"50\" data-smobi=\"50\"><\/div><div class=\"agrikole-cf7  bg- btn-green\">\n<div class=\"wpcf7 no-js\" id=\"wpcf7-f15188-o1\" lang=\"pt-BR\" dir=\"ltr\" data-wpcf7-id=\"15188\">\n<div class=\"screen-reader-response\"><p role=\"status\" aria-live=\"polite\" aria-atomic=\"true\"><\/p> <ul><\/ul><\/div>\n<form action=\"\/en\/wp-json\/wp\/v2\/pages\/15053#wpcf7-f15188-o1\" method=\"post\" class=\"wpcf7-form init\" aria-label=\"Formul\u00e1rios de contato\" enctype=\"multipart\/form-data\" novalidate=\"novalidate\" data-status=\"init\" data-trp-original-action=\"\/en\/wp-json\/wp\/v2\/pages\/15053#wpcf7-f15188-o1\">\n<div style=\"display: none;\">\n<input type=\"hidden\" name=\"_wpcf7\" value=\"15188\" \/>\n<input type=\"hidden\" name=\"_wpcf7_version\" value=\"6.0.6\" \/>\n<input type=\"hidden\" name=\"_wpcf7_locale\" value=\"pt_BR\" \/>\n<input type=\"hidden\" name=\"_wpcf7_unit_tag\" value=\"wpcf7-f15188-o1\" \/>\n<input type=\"hidden\" name=\"_wpcf7_container_post\" value=\"0\" \/>\n<input type=\"hidden\" name=\"_wpcf7_posted_data_hash\" value=\"\" \/>\n<\/div>\n<p><label> Your name (optional)<br \/>\n<span class=\"wpcf7-form-control-wrap\" data-name=\"your-name\"><input size=\"40\" maxlength=\"400\" class=\"wpcf7-form-control wpcf7-text\" autocomplete=\"name\" aria-invalid=\"false\" value=\"\" type=\"text\" name=\"your-name\" \/><\/span> <\/label>\n<\/p>\n<p><label> Your email (optional)<br \/>\n<span class=\"wpcf7-form-control-wrap\" data-name=\"your-email\"><input size=\"40\" maxlength=\"400\" class=\"wpcf7-form-control wpcf7-email wpcf7-text wpcf7-validates-as-email\" autocomplete=\"email\" aria-invalid=\"false\" value=\"\" type=\"email\" name=\"your-email\" \/><\/span> <\/label>\n<\/p>\n<p><label> telefone (opicional) <\/label><br \/>\n<span class=\"wpcf7-form-control-wrap\" data-name=\"telefone\"><input size=\"40\" maxlength=\"400\" class=\"wpcf7-form-control wpcf7-tel wpcf7-text wpcf7-validates-as-tel\" aria-invalid=\"false\" value=\"\" type=\"tel\" name=\"telefone\" \/><\/span>\n<\/p>\n<p><label> Subject<br \/>\n<span class=\"wpcf7-form-control-wrap\" data-name=\"your-subject\"><input size=\"40\" maxlength=\"400\" class=\"wpcf7-form-control wpcf7-text\" aria-invalid=\"false\" value=\"\" type=\"text\" name=\"your-subject\" \/><\/span> <\/label>\n<\/p>\n<p><label> Your message (required)<br \/>\n<span class=\"wpcf7-form-control-wrap\" data-name=\"your-message\"><textarea cols=\"40\" rows=\"10\" maxlength=\"2000\" class=\"wpcf7-form-control wpcf7-textarea wpcf7-validates-as-required\" aria-required=\"true\" aria-invalid=\"false\" name=\"your-message\"><\/textarea><\/span> <\/label>\n<\/p>\n<p><span class=\"wpcf7-form-control-wrap\" data-name=\"file-522\"><input size=\"40\" class=\"wpcf7-form-control wpcf7-file\" accept=\"audio\/*,video\/*,image\/*\" aria-invalid=\"false\" type=\"file\" name=\"file-522\" \/><\/span>\n<\/p>\n<p><input class=\"wpcf7-form-control wpcf7-submit has-spinner\" type=\"submit\" value=\"Send\" \/>\n<\/p><div class=\"wpcf7-response-output\" aria-hidden=\"true\"><\/div>\n<input type=\"hidden\" name=\"trp-form-language\" value=\"en\"\/><\/form>\n<\/div>\n<\/div><\/div><\/div><\/div><\/div><\/div><\/section><\/div>\n<\/div>","protected":false},"excerpt":{"rendered":"Sistema de compliance e canal den\u00fancia da TROPOC Bem-vindo ao Canal de Den\u00fancias da TROPOC. Este \u00e9 um espa\u00e7o seguro e confidencial em que colaboradores, terceiros e demais interessados podem reportar irregularidades e viola\u00e7\u00f5es de normas e condutas \u00e9ticas. Para garantir que suas preocupa\u00e7\u00f5es sejam tratadas de maneira adequada, por","protected":false},"author":1,"featured_media":0,"parent":0,"menu_order":0,"comment_status":"closed","ping_status":"closed","template":"","meta":{"_monsterinsights_skip_tracking":false,"_monsterinsights_sitenote_active":false,"_monsterinsights_sitenote_note":"","_monsterinsights_sitenote_category":0,"footnotes":""},"class_list":["post-15053","page","type-page","status-publish","hentry"],"aioseo_notices":[],"_links":{"self":[{"href":"https:\/\/tropoc.com.br\/en\/wp-json\/wp\/v2\/pages\/15053","targetHints":{"allow":["GET"]}}],"collection":[{"href":"https:\/\/tropoc.com.br\/en\/wp-json\/wp\/v2\/pages"}],"about":[{"href":"https:\/\/tropoc.com.br\/en\/wp-json\/wp\/v2\/types\/page"}],"author":[{"embeddable":true,"href":"https:\/\/tropoc.com.br\/en\/wp-json\/wp\/v2\/users\/1"}],"replies":[{"embeddable":true,"href":"https:\/\/tropoc.com.br\/en\/wp-json\/wp\/v2\/comments?post=15053"}],"version-history":[{"count":55,"href":"https:\/\/tropoc.com.br\/en\/wp-json\/wp\/v2\/pages\/15053\/revisions"}],"predecessor-version":[{"id":15254,"href":"https:\/\/tropoc.com.br\/en\/wp-json\/wp\/v2\/pages\/15053\/revisions\/15254"}],"wp:attachment":[{"href":"https:\/\/tropoc.com.br\/en\/wp-json\/wp\/v2\/media?parent=15053"}],"curies":[{"name":"wp","href":"https:\/\/api.w.org\/{rel}","templated":true}]}}