{"id":14725,"date":"2023-05-08T12:09:59","date_gmt":"2023-05-08T15:09:59","guid":{"rendered":"https:\/\/tropoc.com.br\/?page_id=14725"},"modified":"2023-05-08T12:21:36","modified_gmt":"2023-05-08T15:21:36","slug":"amarela","status":"publish","type":"page","link":"https:\/\/tropoc.com.br\/en\/amarela\/","title":{"rendered":"URU\u00c7U AMARELA"},"content":{"rendered":"<div data-elementor-type=\"wp-page\" data-elementor-id=\"14725\" class=\"elementor elementor-14725\" data-elementor-post-type=\"page\">\n\t\t\t\t\t\t<section class=\"elementor-section elementor-top-section elementor-element elementor-element-54f624ad elementor-section-boxed elementor-section-height-default elementor-section-height-default\" data-id=\"54f624ad\" data-element_type=\"section\" data-settings=\"{&quot;jet_parallax_layout_list&quot;:[]}\">\n\t\t\t\t\t\t<div class=\"elementor-container elementor-column-gap-default\">\n\t\t\t\t\t<div class=\"elementor-column elementor-col-100 elementor-top-column elementor-element elementor-element-430e378b\" data-id=\"430e378b\" data-element_type=\"column\">\n\t\t\t<div class=\"elementor-widget-wrap elementor-element-populated\">\n\t\t\t\t\t\t<div class=\"elementor-element elementor-element-579a56c0 elementor-widget elementor-widget-heading\" data-id=\"579a56c0\" data-element_type=\"widget\" data-widget_type=\"heading.default\">\n\t\t\t\t<div class=\"elementor-widget-container\">\n\t\t\t\t\t<h2 class=\"elementor-heading-title elementor-size-default\">Yellow Uru\u00e7u Bee<\/h2>\t\t\t\t<\/div>\n\t\t\t\t<\/div>\n\t\t\t\t<div class=\"elementor-element elementor-element-4f121a93 elementor-widget elementor-widget-heading\" data-id=\"4f121a93\" data-element_type=\"widget\" data-widget_type=\"heading.default\">\n\t\t\t\t<div class=\"elementor-widget-container\">\n\t\t\t\t\t<h6 class=\"elementor-heading-title elementor-size-default\"><i>(Melipona Rufiventris)<\/i><\/h6>\t\t\t\t<\/div>\n\t\t\t\t<\/div>\n\t\t\t\t\t<\/div>\n\t\t<\/div>\n\t\t\t\t\t<\/div>\n\t\t<\/section>\n\t\t\t\t<section class=\"elementor-section elementor-top-section elementor-element elementor-element-19e6d5b elementor-section-boxed elementor-section-height-default elementor-section-height-default\" data-id=\"19e6d5b\" data-element_type=\"section\" data-settings=\"{&quot;jet_parallax_layout_list&quot;:[]}\">\n\t\t\t\t\t\t<div class=\"elementor-container elementor-column-gap-default\">\n\t\t\t\t\t<div class=\"elementor-column elementor-col-50 elementor-top-column elementor-element elementor-element-4dbc44ac\" data-id=\"4dbc44ac\" data-element_type=\"column\">\n\t\t\t<div class=\"elementor-widget-wrap elementor-element-populated\">\n\t\t\t\t\t\t<div class=\"elementor-element elementor-element-d711c4a elementor-widget elementor-widget-image\" data-id=\"d711c4a\" data-element_type=\"widget\" data-widget_type=\"image.default\">\n\t\t\t\t<div class=\"elementor-widget-container\">\n\t\t\t\t\t\t\t\t\t\t\t\t\t\t\t<img fetchpriority=\"high\" decoding=\"async\" width=\"1024\" height=\"683\" src=\"https:\/\/tropoc.com.br\/wp-content\/uploads\/2023\/05\/amarela-1024x683.webp\" class=\"attachment-large size-large wp-image-14729\" alt=\"\" srcset=\"https:\/\/tropoc.com.br\/wp-content\/uploads\/2023\/05\/amarela-1024x683.webp 1024w, https:\/\/tropoc.com.br\/wp-content\/uploads\/2023\/05\/amarela-300x200.webp 300w, https:\/\/tropoc.com.br\/wp-content\/uploads\/2023\/05\/amarela-768x512.webp 768w, https:\/\/tropoc.com.br\/wp-content\/uploads\/2023\/05\/amarela-18x12.webp 18w, https:\/\/tropoc.com.br\/wp-content\/uploads\/2023\/05\/amarela.webp 1200w\" sizes=\"(max-width: 1024px) 100vw, 1024px\" \/>\t\t\t\t\t\t\t\t\t\t\t\t\t\t\t<\/div>\n\t\t\t\t<\/div>\n\t\t\t\t<div class=\"elementor-element elementor-element-5ac1331b elementor-widget elementor-widget-image\" data-id=\"5ac1331b\" data-element_type=\"widget\" data-widget_type=\"image.default\">\n\t\t\t\t<div class=\"elementor-widget-container\">\n\t\t\t\t\t\t\t\t\t\t\t\t\t\t\t<img decoding=\"async\" width=\"1280\" height=\"720\" src=\"https:\/\/tropoc.com.br\/wp-content\/uploads\/2023\/05\/urucu-amarela.jpg\" class=\"attachment-full size-full wp-image-14727\" alt=\"\" srcset=\"https:\/\/tropoc.com.br\/wp-content\/uploads\/2023\/05\/urucu-amarela.jpg 1280w, https:\/\/tropoc.com.br\/wp-content\/uploads\/2023\/05\/urucu-amarela-300x169.jpg 300w, https:\/\/tropoc.com.br\/wp-content\/uploads\/2023\/05\/urucu-amarela-1024x576.jpg 1024w, https:\/\/tropoc.com.br\/wp-content\/uploads\/2023\/05\/urucu-amarela-768x432.jpg 768w, https:\/\/tropoc.com.br\/wp-content\/uploads\/2023\/05\/urucu-amarela-18x10.jpg 18w\" sizes=\"(max-width: 1280px) 100vw, 1280px\" \/>\t\t\t\t\t\t\t\t\t\t\t\t\t\t\t<\/div>\n\t\t\t\t<\/div>\n\t\t\t\t\t<\/div>\n\t\t<\/div>\n\t\t\t\t<div class=\"elementor-column elementor-col-50 elementor-top-column elementor-element elementor-element-4bec9fb\" data-id=\"4bec9fb\" data-element_type=\"column\">\n\t\t\t<div class=\"elementor-widget-wrap elementor-element-populated\">\n\t\t\t\t\t\t<div class=\"elementor-element elementor-element-4a80cccd elementor-widget elementor-widget-text-editor\" data-id=\"4a80cccd\" data-element_type=\"widget\" data-widget_type=\"text-editor.default\">\n\t\t\t\t<div class=\"elementor-widget-container\">\n\t\t\t\t\t\t\t\t\t<p><span><strong>Uru\u00e7u Bees:<\/strong> <br \/>They are known for being large, robust bees and excellent honey producers. <\/span><em>Uru\u00e7u\u00a0<\/em><span>is a word that comes from the tupi \u201ceiru su\u201d, which in the indigenous language means \u201c<\/span><em>big bee<\/em><span>\u201d. Therefore the workers measure from 10mm to 12mm in length.<\/span><\/p><p><span>This species has a tegument with a color ranging from black to rusty, with the body covered with rusty\/yellowish hairs.<\/span><\/p><p><span>As\u00a0<\/span><em>Yellow- Uru\u00e7u colonies<span>\u00a0<\/span><\/em><span>can reach a population of 5 thousand bees. This species preferentially nests in tree hollows. The nest entrance is located in the center of converging clay lanes and allows only one bee to enter or leave at a time. The brood cells are horizontal or helical, not occurring\u00a0<\/span><em>c\u00e9lulas reais<\/em><span>. The envelope is present and is made up of several cerumen membranes. The food pots are about 4 cm high.<\/span><\/p><hr class=\"wp-block-separator\" \/><p><strong>Population:<\/strong>\u00a04 thousand to 6 thousand bees.<\/p><hr class=\"wp-block-separator\" \/><p><strong>Flight range:<\/strong> 2,5 km.<\/p><hr class=\"wp-block-separator\" \/><p class=\"has-text-align-justify\"><strong>INPA Box Size:\u00a0<\/strong>Nest and over nest 20x20x7. Melgueira 20x20x5.<\/p><hr class=\"wp-block-separator\" \/><p><strong>Distance between hives:<\/strong> 20 cm away<\/p><hr class=\"wp-block-separator\" \/><p><strong>Honey production:<\/strong> 2.5 to 4 liters per year<\/p>\t\t\t\t\t\t\t\t<\/div>\n\t\t\t\t<\/div>\n\t\t\t\t\t<\/div>\n\t\t<\/div>\n\t\t\t\t\t<\/div>\n\t\t<\/section>\n\t\t\t\t<\/div>","protected":false},"excerpt":{"rendered":"<p>Abelha Uru\u00e7u Amarela (Melipona Rufiventris) Abelhas Uru\u00e7u: S\u00e3o conhecidas por serem abelhas grandes, robustas e \u00f3timas produtoras de mel. Uru\u00e7u\u00a0\u00e9 uma palavra que vem do tupi \u201ceiru su\u201d, que na linguagem ind\u00edgena significa \u201cabelha grande\u201d. Portanto as operarias medem de 10mm a 12mm de comprimento. Essa esp\u00e9cie apresenta o tegumento<\/p>","protected":false},"author":2,"featured_media":0,"parent":0,"menu_order":0,"comment_status":"closed","ping_status":"closed","template":"","meta":{"_monsterinsights_skip_tracking":false,"_monsterinsights_sitenote_active":false,"_monsterinsights_sitenote_note":"","_monsterinsights_sitenote_category":0,"footnotes":""},"class_list":["post-14725","page","type-page","status-publish","hentry"],"aioseo_notices":[],"_links":{"self":[{"href":"https:\/\/tropoc.com.br\/en\/wp-json\/wp\/v2\/pages\/14725","targetHints":{"allow":["GET"]}}],"collection":[{"href":"https:\/\/tropoc.com.br\/en\/wp-json\/wp\/v2\/pages"}],"about":[{"href":"https:\/\/tropoc.com.br\/en\/wp-json\/wp\/v2\/types\/page"}],"author":[{"embeddable":true,"href":"https:\/\/tropoc.com.br\/en\/wp-json\/wp\/v2\/users\/2"}],"replies":[{"embeddable":true,"href":"https:\/\/tropoc.com.br\/en\/wp-json\/wp\/v2\/comments?post=14725"}],"version-history":[{"count":6,"href":"https:\/\/tropoc.com.br\/en\/wp-json\/wp\/v2\/pages\/14725\/revisions"}],"predecessor-version":[{"id":14736,"href":"https:\/\/tropoc.com.br\/en\/wp-json\/wp\/v2\/pages\/14725\/revisions\/14736"}],"wp:attachment":[{"href":"https:\/\/tropoc.com.br\/en\/wp-json\/wp\/v2\/media?parent=14725"}],"curies":[{"name":"wp","href":"https:\/\/api.w.org\/{rel}","templated":true}]}}