{"id":14688,"date":"2023-05-06T18:14:22","date_gmt":"2023-05-06T21:14:22","guid":{"rendered":"https:\/\/tropoc.com.br\/?page_id=14688"},"modified":"2023-05-08T11:47:11","modified_gmt":"2023-05-08T14:47:11","slug":"louro","status":"publish","type":"page","link":"https:\/\/tropoc.com.br\/en\/louro\/","title":{"rendered":"LOURO"},"content":{"rendered":"<div data-elementor-type=\"wp-page\" data-elementor-id=\"14688\" class=\"elementor elementor-14688\" data-elementor-post-type=\"page\">\n\t\t\t\t\t\t<section class=\"elementor-section elementor-top-section elementor-element elementor-element-76a8b71 elementor-section-boxed elementor-section-height-default elementor-section-height-default\" data-id=\"76a8b71\" data-element_type=\"section\" data-settings=\"{&quot;jet_parallax_layout_list&quot;:[]}\">\n\t\t\t\t\t\t<div class=\"elementor-container elementor-column-gap-default\">\n\t\t\t\t\t<div class=\"elementor-column elementor-col-100 elementor-top-column elementor-element elementor-element-cb35bb6\" data-id=\"cb35bb6\" data-element_type=\"column\">\n\t\t\t<div class=\"elementor-widget-wrap elementor-element-populated\">\n\t\t\t\t\t\t<div class=\"elementor-element elementor-element-1ca86ef elementor-widget elementor-widget-heading\" data-id=\"1ca86ef\" data-element_type=\"widget\" data-widget_type=\"heading.default\">\n\t\t\t\t<div class=\"elementor-widget-container\">\n\t\t\t\t\t<h2 class=\"elementor-heading-title elementor-size-default\">Louro Caprata<\/h2>\t\t\t\t<\/div>\n\t\t\t\t<\/div>\n\t\t\t\t<div class=\"elementor-element elementor-element-6615288 elementor-widget elementor-widget-heading\" data-id=\"6615288\" data-element_type=\"widget\" data-widget_type=\"heading.default\">\n\t\t\t\t<div class=\"elementor-widget-container\">\n\t\t\t\t\t<h6 class=\"elementor-heading-title elementor-size-default\"><i>(Ocotea Spp)<\/i><\/h6>\t\t\t\t<\/div>\n\t\t\t\t<\/div>\n\t\t\t\t\t<\/div>\n\t\t<\/div>\n\t\t\t\t\t<\/div>\n\t\t<\/section>\n\t\t\t\t<section class=\"elementor-section elementor-top-section elementor-element elementor-element-7047ac5 elementor-section-boxed elementor-section-height-default elementor-section-height-default\" data-id=\"7047ac5\" data-element_type=\"section\" data-settings=\"{&quot;jet_parallax_layout_list&quot;:[]}\">\n\t\t\t\t\t\t<div class=\"elementor-container elementor-column-gap-default\">\n\t\t\t\t\t<div class=\"elementor-column elementor-col-50 elementor-top-column elementor-element elementor-element-f037070\" data-id=\"f037070\" data-element_type=\"column\">\n\t\t\t<div class=\"elementor-widget-wrap elementor-element-populated\">\n\t\t\t\t\t\t<div class=\"elementor-element elementor-element-e01bf2c elementor-widget elementor-widget-image\" data-id=\"e01bf2c\" data-element_type=\"widget\" data-widget_type=\"image.default\">\n\t\t\t\t<div class=\"elementor-widget-container\">\n\t\t\t\t\t\t\t\t\t\t\t\t\t\t\t<img fetchpriority=\"high\" decoding=\"async\" width=\"413\" height=\"624\" src=\"https:\/\/tropoc.com.br\/wp-content\/uploads\/2023\/05\/LOURO.jpeg\" class=\"attachment-full size-full wp-image-14689\" alt=\"\" srcset=\"https:\/\/tropoc.com.br\/wp-content\/uploads\/2023\/05\/LOURO.jpeg 413w, https:\/\/tropoc.com.br\/wp-content\/uploads\/2023\/05\/LOURO-199x300.jpeg 199w, https:\/\/tropoc.com.br\/wp-content\/uploads\/2023\/05\/LOURO-8x12.jpeg 8w\" sizes=\"(max-width: 413px) 100vw, 413px\" \/>\t\t\t\t\t\t\t\t\t\t\t\t\t\t\t<\/div>\n\t\t\t\t<\/div>\n\t\t\t\t\t<\/div>\n\t\t<\/div>\n\t\t\t\t<div class=\"elementor-column elementor-col-50 elementor-top-column elementor-element elementor-element-a79fd88\" data-id=\"a79fd88\" data-element_type=\"column\">\n\t\t\t<div class=\"elementor-widget-wrap elementor-element-populated\">\n\t\t\t\t\t\t<div class=\"elementor-element elementor-element-8a87e76 elementor-widget elementor-widget-text-editor\" data-id=\"8a87e76\" data-element_type=\"widget\" data-widget_type=\"text-editor.default\">\n\t\t\t\t<div class=\"elementor-widget-container\">\n\t\t\t\t\t\t\t\t\t<p><strong>Other names and related species:<\/strong><br \/><span>In Brazil, Lauraceae woods are known as Louro in the state of Amazonas and Par\u00e1, up to the state of Bahia; and from there to the south they are called Canelas.<\/span><\/p><p><strong>Tree Description: <\/strong><br \/><span>Evergreen tree, 25 to 30 m high and 0.60 to 1.00 m in diameter. Trunk somewhat curved, slightly curved or flattened, branching wide, tortuous and thick.<\/span><\/p><p><strong>Wood features:<\/strong><br \/><span>Slightly yellowish brown to brown heartwood, medium texture; grain straight to irregular; surface glossy and smooth to the touch; imperceptible smell and taste.<\/span><\/p><p><strong>Physical-Mechanical Properties:<\/strong><br \/><span>Louro-preto wood has medium density and mechanical strength and low shrinkage.<\/span><\/p><p><strong>Workability:<\/strong><br \/><span>Louro-preto wood has the characteristic of being soft when cutting.<\/span><br \/><br \/><strong>Indications for Use:<\/strong><br \/><span>Ordinary furniture, decorative veneers, baseboards, trellises, boards in general, shutters, floors, shipbuilding and cutlery.<\/span><\/p>\t\t\t\t\t\t\t\t<\/div>\n\t\t\t\t<\/div>\n\t\t\t\t\t<\/div>\n\t\t<\/div>\n\t\t\t\t\t<\/div>\n\t\t<\/section>\n\t\t\t\t<\/div>","protected":false},"excerpt":{"rendered":"<p>Louro Caprata (Ocotea Spp) Outros nomes e Esp\u00e9cies Afins:No Brasil as madeiras de Laur\u00e1ceas s\u00e3o conhecidas como Louro do estado do Amazonas e Par\u00e1, at\u00e9 o estado da Bahia; e da\u00ed at\u00e9 o sul s\u00e3o chamadas de Canelas. Descri\u00e7\u00e3o da \u00c1rvore: \u00c1rvore perenifolia, de 25 a 30 m de altura<\/p>","protected":false},"author":2,"featured_media":0,"parent":0,"menu_order":0,"comment_status":"closed","ping_status":"closed","template":"","meta":{"_monsterinsights_skip_tracking":false,"_monsterinsights_sitenote_active":false,"_monsterinsights_sitenote_note":"","_monsterinsights_sitenote_category":0,"footnotes":""},"class_list":["post-14688","page","type-page","status-publish","hentry"],"aioseo_notices":[],"_links":{"self":[{"href":"https:\/\/tropoc.com.br\/en\/wp-json\/wp\/v2\/pages\/14688","targetHints":{"allow":["GET"]}}],"collection":[{"href":"https:\/\/tropoc.com.br\/en\/wp-json\/wp\/v2\/pages"}],"about":[{"href":"https:\/\/tropoc.com.br\/en\/wp-json\/wp\/v2\/types\/page"}],"author":[{"embeddable":true,"href":"https:\/\/tropoc.com.br\/en\/wp-json\/wp\/v2\/users\/2"}],"replies":[{"embeddable":true,"href":"https:\/\/tropoc.com.br\/en\/wp-json\/wp\/v2\/comments?post=14688"}],"version-history":[{"count":4,"href":"https:\/\/tropoc.com.br\/en\/wp-json\/wp\/v2\/pages\/14688\/revisions"}],"predecessor-version":[{"id":14703,"href":"https:\/\/tropoc.com.br\/en\/wp-json\/wp\/v2\/pages\/14688\/revisions\/14703"}],"wp:attachment":[{"href":"https:\/\/tropoc.com.br\/en\/wp-json\/wp\/v2\/media?parent=14688"}],"curies":[{"name":"wp","href":"https:\/\/api.w.org\/{rel}","templated":true}]}}